{"id":1935,"date":"2024-03-19T09:19:41","date_gmt":"2024-03-19T08:19:41","guid":{"rendered":"https:\/\/villerslesec70.fr\/?page_id=1935"},"modified":"2025-02-19T10:44:53","modified_gmt":"2025-02-19T09:44:53","slug":"commande-groupee-de-fioul-et-de-pellet","status":"publish","type":"page","link":"https:\/\/villerslesec70.fr\/index.php\/commande-groupee-de-fioul-et-de-pellet\/","title":{"rendered":"Commande group\u00e9e de fioul et de pellet"},"content":{"rendered":"\t\t<div data-elementor-type=\"wp-page\" data-elementor-id=\"1935\" class=\"elementor elementor-1935\">\n\t\t\t\t<div class=\"elementor-element elementor-element-6c367fd1 e-con-full e-flex e-con e-parent\" data-id=\"6c367fd1\" data-element_type=\"container\" data-e-type=\"container\" data-settings=\"{&quot;background_background&quot;:&quot;classic&quot;}\">\n\t\t\t\t<div class=\"elementor-element elementor-element-237136c2 elementor-widget__width-initial elementor-widget elementor-widget-heading\" data-id=\"237136c2\" data-element_type=\"widget\" data-e-type=\"widget\" data-widget_type=\"heading.default\">\n\t\t\t\t<div class=\"elementor-widget-container\">\n\t\t\t\t\t<h1 class=\"elementor-heading-title elementor-size-default\">Commande group\u00e9e de fioul et de pellet<\/h1>\t\t\t\t<\/div>\n\t\t\t\t<\/div>\n\t\t\t\t<\/div>\n\t\t<div class=\"elementor-element elementor-element-56ecb90 e-flex e-con-boxed e-con e-parent\" data-id=\"56ecb90\" data-element_type=\"container\" data-e-type=\"container\">\n\t\t\t\t\t<div class=\"e-con-inner\">\n\t\t\t\t<div class=\"elementor-element elementor-element-4b96c570 elementor-widget elementor-widget-text-editor\" data-id=\"4b96c570\" data-element_type=\"widget\" data-e-type=\"widget\" data-widget_type=\"text-editor.default\">\n\t\t\t\t<div class=\"elementor-widget-container\">\n\t\t\t\t\t\t\t\t\tEn 2024, sur un total de 66\u00a0000 litres, 72 familles de Villers le Sec et Colombe les Vesoul ont b\u00e9n\u00e9fici\u00e9 de ce groupement. Il permet \u00e0 chacune de profiter d\u2019une \u00e9conomie d\u2019environ 15% par rapport \u00e0 une commande individuelle.\t\t\t\t\t\t\t\t<\/div>\n\t\t\t\t<\/div>\n\t\t\t\t<div class=\"elementor-element elementor-element-4bb4724 elementor-widget elementor-widget-heading\" data-id=\"4bb4724\" data-element_type=\"widget\" data-e-type=\"widget\" data-widget_type=\"heading.default\">\n\t\t\t\t<div class=\"elementor-widget-container\">\n\t\t\t\t\t<h2 class=\"elementor-heading-title elementor-size-default\">Evolution commandes de fioul depuis 2020\u00a0:<\/h2>\t\t\t\t<\/div>\n\t\t\t\t<\/div>\n\t\t\t\t<div class=\"elementor-element elementor-element-ac05985 elementor-widget__width-initial elementor-widget-mobile__width-initial elementor-widget elementor-widget-image\" data-id=\"ac05985\" data-element_type=\"widget\" data-e-type=\"widget\" data-widget_type=\"image.default\">\n\t\t\t\t<div class=\"elementor-widget-container\">\n\t\t\t\t\t\t\t\t\t\t\t\t\t\t\t\t<a href=\"http:\/\/villerslesec70.fr\/wp-content\/uploads\/2024\/04\/fioul-graphique.jpg\">\n\t\t\t\t\t\t\t<img fetchpriority=\"high\" decoding=\"async\" width=\"723\" height=\"483\" src=\"https:\/\/villerslesec70.fr\/wp-content\/uploads\/2025\/02\/commande-groupee-2025.jpg\" class=\"attachment-large size-large wp-image-4599\" alt=\"\" srcset=\"https:\/\/villerslesec70.fr\/wp-content\/uploads\/2025\/02\/commande-groupee-2025.jpg 723w, https:\/\/villerslesec70.fr\/wp-content\/uploads\/2025\/02\/commande-groupee-2025-300x200.jpg 300w\" sizes=\"(max-width: 723px) 100vw, 723px\" \/>\t\t\t\t\t\t\t\t<\/a>\n\t\t\t\t\t\t\t\t\t\t\t\t\t\t\t<\/div>\n\t\t\t\t<\/div>\n\t\t\t\t\t<\/div>\n\t\t\t\t<\/div>\n\t\t<div class=\"elementor-element elementor-element-e16872f e-flex e-con-boxed e-con e-parent\" data-id=\"e16872f\" data-element_type=\"container\" data-e-type=\"container\">\n\t\t\t\t\t<div class=\"e-con-inner\">\n\t\t\t\t<div class=\"elementor-element elementor-element-a10367c elementor-widget elementor-widget-text-editor\" data-id=\"a10367c\" data-element_type=\"widget\" data-e-type=\"widget\" data-widget_type=\"text-editor.default\">\n\t\t\t\t<div class=\"elementor-widget-container\">\n\t\t\t\t\t\t\t\t\t<p><b>Commandes de pellets :&nbsp;<\/b><\/p>\n<p>Une commande est pr\u00e9vue durant l\u2019\u00e9t\u00e9 avec un gain d\u2019environ 15% \u00e9galement sur des pellets r\u00e9pondants aux crit\u00e8res de certification ISO17225-2 (qualit\u00e9 pr\u00e9mium, pouvoir calorifique accru &#8230;)<\/p>\n<p><b>Pour 2024&nbsp;:<\/b><\/p>\n<p>\n    \u2022 En sac de 15 kg  =&gt; 12 tonnes =&gt; 8 familles<br>    \u2022 En vrac                =&gt; 28 tonnes =&gt; 7 familles<\/p>\n<p><b>Pour 2025<\/b>, nous engagerons la m\u00eame op\u00e9ration au printemps ainsi qu\u2019\u00e0 l\u2019automne, prenant en compte l\u2019\u00e9volution et la tendance des tarifs.<\/p>\t\t\t\t\t\t\t\t<\/div>\n\t\t\t\t<\/div>\n\t\t\t\t<div class=\"elementor-element elementor-element-c9f0e90 elementor-widget elementor-widget-heading\" data-id=\"c9f0e90\" data-element_type=\"widget\" data-e-type=\"widget\" data-widget_type=\"heading.default\">\n\t\t\t\t<div class=\"elementor-widget-container\">\n\t\t\t\t\t<h2 class=\"elementor-heading-title elementor-size-default\">Nous communiquerons via Panneau Pocket et Villers infos, mais si vous \u00eates d\u00e9j\u00e0 int\u00e9ress\u00e9s, vous \npouvez contacter Bernard Walter au 06 85 34 18 17 ou bernard.waltermpsa@gmail.com <\/h2>\t\t\t\t<\/div>\n\t\t\t\t<\/div>\n\t\t\t\t\t<\/div>\n\t\t\t\t<\/div>\n\t\t<div class=\"elementor-element elementor-element-b1a30b6 e-con-full e-flex e-con e-parent\" data-id=\"b1a30b6\" data-element_type=\"container\" data-e-type=\"container\">\n\t\t<div class=\"elementor-element elementor-element-f017662 e-con-full e-flex e-con e-child\" data-id=\"f017662\" data-element_type=\"container\" data-e-type=\"container\">\n\t\t<div class=\"elementor-element elementor-element-32efd92 e-con-full e-flex e-con e-child\" data-id=\"32efd92\" data-element_type=\"container\" data-e-type=\"container\">\n\t\t\t\t<div class=\"elementor-element elementor-element-f81d8a7 elementor-widget elementor-widget-text-editor\" data-id=\"f81d8a7\" data-element_type=\"widget\" data-e-type=\"widget\" data-widget_type=\"text-editor.default\">\n\t\t\t\t<div class=\"elementor-widget-container\">\n\t\t\t\t\t\t\t\t\t<p>Tous droits r\u00e9serv\u00e9s &#8211; Robin Laromanie 2024 &#8211; <a href=\"https:\/\/villerslesec70.fr\/index.php\/mentions-legales\/\">Mentions l\u00e9gales<\/a> &#8211; <a href=\"https:\/\/villerslesec70.fr\/index.php\/politique-de-confidentialite-2\/\">Politique de confidentialit\u00e9<\/a>.<\/p>\t\t\t\t\t\t\t\t<\/div>\n\t\t\t\t<\/div>\n\t\t\t\t<\/div>\n\t\t\t\t<\/div>\n\t\t\t\t<\/div>\n\t\t\t\t<\/div>\n\t\t","protected":false},"excerpt":{"rendered":"<p>Commande group\u00e9e de fioul et de pellet En 2024, sur un total de 66\u00a0000 litres, 72 familles de Villers le Sec et Colombe les Vesoul ont b\u00e9n\u00e9fici\u00e9 de ce groupement. Il permet \u00e0 chacune de profiter d\u2019une \u00e9conomie d\u2019environ 15% par rapport \u00e0 une commande individuelle. Evolution commandes de fioul depuis 2020\u00a0: Commandes de pellets&#8230;<\/p>\n","protected":false},"author":1,"featured_media":0,"parent":0,"menu_order":0,"comment_status":"closed","ping_status":"closed","template":"","meta":{"_kadence_starter_templates_imported_post":false,"_kad_post_transparent":"","_kad_post_title":"hide","_kad_post_layout":"fullwidth","_kad_post_sidebar_id":"","_kad_post_content_style":"unboxed","_kad_post_vertical_padding":"hide","_kad_post_feature":"hide","_kad_post_feature_position":"","_kad_post_header":false,"_kad_post_footer":false,"_kad_post_classname":"","footnotes":""},"class_list":["post-1935","page","type-page","status-publish","hentry"],"yoast_head":"<!-- This site is optimized with the Yoast SEO plugin v27.4 - https:\/\/yoast.com\/product\/yoast-seo-wordpress\/ -->\n<title>Commande group\u00e9e de fioul et de pellet - Villers Le Sec<\/title>\n<meta name=\"description\" content=\"La ville de Villers le Sec est une commune fran\u00e7aise situ\u00e9e en Bourgogne dans le d\u00e9partement de la Haute-Sa\u00f4ne.\" \/>\n<meta name=\"robots\" content=\"index, follow, max-snippet:-1, max-image-preview:large, max-video-preview:-1\" \/>\n<link rel=\"canonical\" href=\"https:\/\/villerslesec70.fr\/index.php\/commande-groupee-de-fioul-et-de-pellet\/\" \/>\n<meta property=\"og:locale\" content=\"fr_FR\" \/>\n<meta property=\"og:type\" content=\"article\" \/>\n<meta property=\"og:title\" content=\"Commande group\u00e9e de fioul et de pellet - Villers Le Sec\" \/>\n<meta property=\"og:description\" content=\"La ville de Villers le Sec est une commune fran\u00e7aise situ\u00e9e en Bourgogne dans le d\u00e9partement de la Haute-Sa\u00f4ne.\" \/>\n<meta property=\"og:url\" content=\"https:\/\/villerslesec70.fr\/index.php\/commande-groupee-de-fioul-et-de-pellet\/\" \/>\n<meta property=\"og:site_name\" content=\"Villers Le Sec\" \/>\n<meta property=\"article:modified_time\" content=\"2025-02-19T09:44:53+00:00\" \/>\n<meta property=\"og:image\" content=\"https:\/\/villerslesec70.fr\/wp-content\/uploads\/2025\/02\/commande-groupee-2025.jpg\" \/>\n\t<meta property=\"og:image:width\" content=\"723\" \/>\n\t<meta property=\"og:image:height\" content=\"483\" \/>\n\t<meta property=\"og:image:type\" content=\"image\/jpeg\" \/>\n<meta name=\"twitter:card\" content=\"summary_large_image\" \/>\n<meta name=\"twitter:label1\" content=\"Dur\u00e9e de lecture estim\u00e9e\" \/>\n\t<meta name=\"twitter:data1\" content=\"2 minutes\" \/>\n<script type=\"application\/ld+json\" class=\"yoast-schema-graph\">{\"@context\":\"https:\\\/\\\/schema.org\",\"@graph\":[{\"@type\":\"WebPage\",\"@id\":\"https:\\\/\\\/villerslesec70.fr\\\/index.php\\\/commande-groupee-de-fioul-et-de-pellet\\\/\",\"url\":\"https:\\\/\\\/villerslesec70.fr\\\/index.php\\\/commande-groupee-de-fioul-et-de-pellet\\\/\",\"name\":\"Commande group\u00e9e de fioul et de pellet - Villers Le Sec\",\"isPartOf\":{\"@id\":\"https:\\\/\\\/villerslesec70.fr\\\/#website\"},\"primaryImageOfPage\":{\"@id\":\"https:\\\/\\\/villerslesec70.fr\\\/index.php\\\/commande-groupee-de-fioul-et-de-pellet\\\/#primaryimage\"},\"image\":{\"@id\":\"https:\\\/\\\/villerslesec70.fr\\\/index.php\\\/commande-groupee-de-fioul-et-de-pellet\\\/#primaryimage\"},\"thumbnailUrl\":\"http:\\\/\\\/villerslesec70.fr\\\/wp-content\\\/uploads\\\/2025\\\/02\\\/commande-groupee-2025.jpg\",\"datePublished\":\"2024-03-19T08:19:41+00:00\",\"dateModified\":\"2025-02-19T09:44:53+00:00\",\"description\":\"La ville de Villers le Sec est une commune fran\u00e7aise situ\u00e9e en Bourgogne dans le d\u00e9partement de la Haute-Sa\u00f4ne.\",\"breadcrumb\":{\"@id\":\"https:\\\/\\\/villerslesec70.fr\\\/index.php\\\/commande-groupee-de-fioul-et-de-pellet\\\/#breadcrumb\"},\"inLanguage\":\"fr-FR\",\"potentialAction\":[{\"@type\":\"ReadAction\",\"target\":[\"https:\\\/\\\/villerslesec70.fr\\\/index.php\\\/commande-groupee-de-fioul-et-de-pellet\\\/\"]}]},{\"@type\":\"ImageObject\",\"inLanguage\":\"fr-FR\",\"@id\":\"https:\\\/\\\/villerslesec70.fr\\\/index.php\\\/commande-groupee-de-fioul-et-de-pellet\\\/#primaryimage\",\"url\":\"https:\\\/\\\/villerslesec70.fr\\\/wp-content\\\/uploads\\\/2025\\\/02\\\/commande-groupee-2025.jpg\",\"contentUrl\":\"https:\\\/\\\/villerslesec70.fr\\\/wp-content\\\/uploads\\\/2025\\\/02\\\/commande-groupee-2025.jpg\",\"width\":723,\"height\":483},{\"@type\":\"BreadcrumbList\",\"@id\":\"https:\\\/\\\/villerslesec70.fr\\\/index.php\\\/commande-groupee-de-fioul-et-de-pellet\\\/#breadcrumb\",\"itemListElement\":[{\"@type\":\"ListItem\",\"position\":1,\"name\":\"Accueil\",\"item\":\"https:\\\/\\\/villerslesec70.fr\\\/\"},{\"@type\":\"ListItem\",\"position\":2,\"name\":\"Commande group\u00e9e de fioul et de pellet\"}]},{\"@type\":\"WebSite\",\"@id\":\"https:\\\/\\\/villerslesec70.fr\\\/#website\",\"url\":\"https:\\\/\\\/villerslesec70.fr\\\/\",\"name\":\"Villers Le Sec\",\"description\":\"Villers Le Sec\",\"publisher\":{\"@id\":\"https:\\\/\\\/villerslesec70.fr\\\/#organization\"},\"potentialAction\":[{\"@type\":\"SearchAction\",\"target\":{\"@type\":\"EntryPoint\",\"urlTemplate\":\"https:\\\/\\\/villerslesec70.fr\\\/?s={search_term_string}\"},\"query-input\":{\"@type\":\"PropertyValueSpecification\",\"valueRequired\":true,\"valueName\":\"search_term_string\"}}],\"inLanguage\":\"fr-FR\"},{\"@type\":\"Organization\",\"@id\":\"https:\\\/\\\/villerslesec70.fr\\\/#organization\",\"name\":\"Villers Le Sec\",\"url\":\"https:\\\/\\\/villerslesec70.fr\\\/\",\"logo\":{\"@type\":\"ImageObject\",\"inLanguage\":\"fr-FR\",\"@id\":\"https:\\\/\\\/villerslesec70.fr\\\/#\\\/schema\\\/logo\\\/image\\\/\",\"url\":\"https:\\\/\\\/villerslesec70.fr\\\/wp-content\\\/uploads\\\/2026\\\/04\\\/cropped-Blason_ville_fr_villers-le-sec_70.svg_.png\",\"contentUrl\":\"https:\\\/\\\/villerslesec70.fr\\\/wp-content\\\/uploads\\\/2026\\\/04\\\/cropped-Blason_ville_fr_villers-le-sec_70.svg_.png\",\"width\":1279,\"height\":1408,\"caption\":\"Villers Le Sec\"},\"image\":{\"@id\":\"https:\\\/\\\/villerslesec70.fr\\\/#\\\/schema\\\/logo\\\/image\\\/\"}}]}<\/script>\n<!-- \/ Yoast SEO plugin. -->","yoast_head_json":{"title":"Commande group\u00e9e de fioul et de pellet - Villers Le Sec","description":"La ville de Villers le Sec est une commune fran\u00e7aise situ\u00e9e en Bourgogne dans le d\u00e9partement de la Haute-Sa\u00f4ne.","robots":{"index":"index","follow":"follow","max-snippet":"max-snippet:-1","max-image-preview":"max-image-preview:large","max-video-preview":"max-video-preview:-1"},"canonical":"https:\/\/villerslesec70.fr\/index.php\/commande-groupee-de-fioul-et-de-pellet\/","og_locale":"fr_FR","og_type":"article","og_title":"Commande group\u00e9e de fioul et de pellet - Villers Le Sec","og_description":"La ville de Villers le Sec est une commune fran\u00e7aise situ\u00e9e en Bourgogne dans le d\u00e9partement de la Haute-Sa\u00f4ne.","og_url":"https:\/\/villerslesec70.fr\/index.php\/commande-groupee-de-fioul-et-de-pellet\/","og_site_name":"Villers Le Sec","article_modified_time":"2025-02-19T09:44:53+00:00","og_image":[{"width":723,"height":483,"url":"https:\/\/villerslesec70.fr\/wp-content\/uploads\/2025\/02\/commande-groupee-2025.jpg","type":"image\/jpeg"}],"twitter_card":"summary_large_image","twitter_misc":{"Dur\u00e9e de lecture estim\u00e9e":"2 minutes"},"schema":{"@context":"https:\/\/schema.org","@graph":[{"@type":"WebPage","@id":"https:\/\/villerslesec70.fr\/index.php\/commande-groupee-de-fioul-et-de-pellet\/","url":"https:\/\/villerslesec70.fr\/index.php\/commande-groupee-de-fioul-et-de-pellet\/","name":"Commande group\u00e9e de fioul et de pellet - Villers Le Sec","isPartOf":{"@id":"https:\/\/villerslesec70.fr\/#website"},"primaryImageOfPage":{"@id":"https:\/\/villerslesec70.fr\/index.php\/commande-groupee-de-fioul-et-de-pellet\/#primaryimage"},"image":{"@id":"https:\/\/villerslesec70.fr\/index.php\/commande-groupee-de-fioul-et-de-pellet\/#primaryimage"},"thumbnailUrl":"http:\/\/villerslesec70.fr\/wp-content\/uploads\/2025\/02\/commande-groupee-2025.jpg","datePublished":"2024-03-19T08:19:41+00:00","dateModified":"2025-02-19T09:44:53+00:00","description":"La ville de Villers le Sec est une commune fran\u00e7aise situ\u00e9e en Bourgogne dans le d\u00e9partement de la Haute-Sa\u00f4ne.","breadcrumb":{"@id":"https:\/\/villerslesec70.fr\/index.php\/commande-groupee-de-fioul-et-de-pellet\/#breadcrumb"},"inLanguage":"fr-FR","potentialAction":[{"@type":"ReadAction","target":["https:\/\/villerslesec70.fr\/index.php\/commande-groupee-de-fioul-et-de-pellet\/"]}]},{"@type":"ImageObject","inLanguage":"fr-FR","@id":"https:\/\/villerslesec70.fr\/index.php\/commande-groupee-de-fioul-et-de-pellet\/#primaryimage","url":"https:\/\/villerslesec70.fr\/wp-content\/uploads\/2025\/02\/commande-groupee-2025.jpg","contentUrl":"https:\/\/villerslesec70.fr\/wp-content\/uploads\/2025\/02\/commande-groupee-2025.jpg","width":723,"height":483},{"@type":"BreadcrumbList","@id":"https:\/\/villerslesec70.fr\/index.php\/commande-groupee-de-fioul-et-de-pellet\/#breadcrumb","itemListElement":[{"@type":"ListItem","position":1,"name":"Accueil","item":"https:\/\/villerslesec70.fr\/"},{"@type":"ListItem","position":2,"name":"Commande group\u00e9e de fioul et de pellet"}]},{"@type":"WebSite","@id":"https:\/\/villerslesec70.fr\/#website","url":"https:\/\/villerslesec70.fr\/","name":"Villers Le Sec","description":"Villers Le Sec","publisher":{"@id":"https:\/\/villerslesec70.fr\/#organization"},"potentialAction":[{"@type":"SearchAction","target":{"@type":"EntryPoint","urlTemplate":"https:\/\/villerslesec70.fr\/?s={search_term_string}"},"query-input":{"@type":"PropertyValueSpecification","valueRequired":true,"valueName":"search_term_string"}}],"inLanguage":"fr-FR"},{"@type":"Organization","@id":"https:\/\/villerslesec70.fr\/#organization","name":"Villers Le Sec","url":"https:\/\/villerslesec70.fr\/","logo":{"@type":"ImageObject","inLanguage":"fr-FR","@id":"https:\/\/villerslesec70.fr\/#\/schema\/logo\/image\/","url":"https:\/\/villerslesec70.fr\/wp-content\/uploads\/2026\/04\/cropped-Blason_ville_fr_villers-le-sec_70.svg_.png","contentUrl":"https:\/\/villerslesec70.fr\/wp-content\/uploads\/2026\/04\/cropped-Blason_ville_fr_villers-le-sec_70.svg_.png","width":1279,"height":1408,"caption":"Villers Le Sec"},"image":{"@id":"https:\/\/villerslesec70.fr\/#\/schema\/logo\/image\/"}}]}},"jetpack_sharing_enabled":true,"_links":{"self":[{"href":"https:\/\/villerslesec70.fr\/index.php\/wp-json\/wp\/v2\/pages\/1935","targetHints":{"allow":["GET"]}}],"collection":[{"href":"https:\/\/villerslesec70.fr\/index.php\/wp-json\/wp\/v2\/pages"}],"about":[{"href":"https:\/\/villerslesec70.fr\/index.php\/wp-json\/wp\/v2\/types\/page"}],"author":[{"embeddable":true,"href":"https:\/\/villerslesec70.fr\/index.php\/wp-json\/wp\/v2\/users\/1"}],"replies":[{"embeddable":true,"href":"https:\/\/villerslesec70.fr\/index.php\/wp-json\/wp\/v2\/comments?post=1935"}],"version-history":[{"count":0,"href":"https:\/\/villerslesec70.fr\/index.php\/wp-json\/wp\/v2\/pages\/1935\/revisions"}],"wp:attachment":[{"href":"https:\/\/villerslesec70.fr\/index.php\/wp-json\/wp\/v2\/media?parent=1935"}],"curies":[{"name":"wp","href":"https:\/\/api.w.org\/{rel}","templated":true}]}}