{"id":835,"date":"2024-01-02T17:03:36","date_gmt":"2024-01-02T16:03:36","guid":{"rendered":"https:\/\/villerslesec70.fr\/?page_id=835"},"modified":"2026-04-10T15:25:54","modified_gmt":"2026-04-10T13:25:54","slug":"le-maire","status":"publish","type":"page","link":"https:\/\/villerslesec70.fr\/index.php\/le-maire\/","title":{"rendered":"Le maire et le conseil municipal"},"content":{"rendered":"\t\t<div data-elementor-type=\"wp-page\" data-elementor-id=\"835\" class=\"elementor elementor-835\">\n\t\t\t\t<div class=\"elementor-element elementor-element-9f95a3b e-con-full e-flex e-con e-parent\" data-id=\"9f95a3b\" data-element_type=\"container\" data-e-type=\"container\" data-settings=\"{&quot;background_background&quot;:&quot;classic&quot;}\">\n\t\t\t\t<div class=\"elementor-element elementor-element-1a5ab5ae elementor-widget__width-initial elementor-widget elementor-widget-heading\" data-id=\"1a5ab5ae\" data-element_type=\"widget\" data-e-type=\"widget\" data-widget_type=\"heading.default\">\n\t\t\t\t<div class=\"elementor-widget-container\">\n\t\t\t\t\t<h1 class=\"elementor-heading-title elementor-size-default\">La maire et l'\u00e9quipe municipale <\/h1>\t\t\t\t<\/div>\n\t\t\t\t<\/div>\n\t\t\t\t<\/div>\n\t\t<div class=\"elementor-element elementor-element-6439941 e-flex e-con-boxed e-con e-parent\" data-id=\"6439941\" data-element_type=\"container\" data-e-type=\"container\">\n\t\t\t\t\t<div class=\"e-con-inner\">\n\t\t<div class=\"elementor-element elementor-element-3b3db26 e-con-full e-flex e-con e-child\" data-id=\"3b3db26\" data-element_type=\"container\" data-e-type=\"container\">\n\t\t\t\t<div class=\"elementor-element elementor-element-c1454a3 elementor-widget__width-inherit elementor-widget elementor-widget-heading\" data-id=\"c1454a3\" data-element_type=\"widget\" data-e-type=\"widget\" data-widget_type=\"heading.default\">\n\t\t\t\t<div class=\"elementor-widget-container\">\n\t\t\t\t\t<h2 class=\"elementor-heading-title elementor-size-default\"><b>Le mot de la Maire<\/b><\/h2>\t\t\t\t<\/div>\n\t\t\t\t<\/div>\n\t\t\t\t<div class=\"elementor-element elementor-element-3efb21b elementor-widget__width-initial elementor-widget-mobile__width-initial elementor-widget elementor-widget-image\" data-id=\"3efb21b\" data-element_type=\"widget\" data-e-type=\"widget\" data-widget_type=\"image.default\">\n\t\t\t\t<div class=\"elementor-widget-container\">\n\t\t\t\t\t\t\t\t\t\t\t\t\t\t\t<img fetchpriority=\"high\" decoding=\"async\" width=\"1024\" height=\"1001\" src=\"https:\/\/villerslesec70.fr\/wp-content\/uploads\/2026\/04\/catherine-bourdin-entend-concilier-engagement-municipal-carriere-universitaire-et-vie-familiale-1774866371-1024x1001.jpg\" class=\"attachment-large size-large wp-image-5008\" alt=\"\" srcset=\"https:\/\/villerslesec70.fr\/wp-content\/uploads\/2026\/04\/catherine-bourdin-entend-concilier-engagement-municipal-carriere-universitaire-et-vie-familiale-1774866371-1024x1001.jpg 1024w, https:\/\/villerslesec70.fr\/wp-content\/uploads\/2026\/04\/catherine-bourdin-entend-concilier-engagement-municipal-carriere-universitaire-et-vie-familiale-1774866371-300x293.jpg 300w, https:\/\/villerslesec70.fr\/wp-content\/uploads\/2026\/04\/catherine-bourdin-entend-concilier-engagement-municipal-carriere-universitaire-et-vie-familiale-1774866371-768x751.jpg 768w, https:\/\/villerslesec70.fr\/wp-content\/uploads\/2026\/04\/catherine-bourdin-entend-concilier-engagement-municipal-carriere-universitaire-et-vie-familiale-1774866371.jpg 1421w\" sizes=\"(max-width: 1024px) 100vw, 1024px\" \/>\t\t\t\t\t\t\t\t\t\t\t\t\t\t\t<\/div>\n\t\t\t\t<\/div>\n\t\t\t\t<div class=\"elementor-element elementor-element-a09a58c elementor-widget-mobile__width-initial elementor-widget elementor-widget-text-editor\" data-id=\"a09a58c\" data-element_type=\"widget\" data-e-type=\"widget\" data-widget_type=\"text-editor.default\">\n\t\t\t\t<div class=\"elementor-widget-container\">\n\t\t\t\t\t\t\t\t\t<p><\/p>\n<p>Ch\u00e8res Villersoises,<\/p><p>chers Villersois,<\/p>\n<p><br><\/p>\n<p>Vous nous avez fait confiance, et nous vous en remercions sinc\u00e8rement.<\/p>\n<p>C\u2019est toute une \u00e9quipe municipale qui s\u2019engage \u00e0 vos c\u00f4t\u00e9s&nbsp;: des femmes et des hommes d\u00e9termin\u00e9s, compl\u00e9mentaires, anim\u00e9s par le m\u00eame souci du bien commun et l\u2019envie de faire de Villers-le-Sec un village o\u00f9 il fait toujours mieux vivre.<\/p>\n<p>Ensemble, nous formons un conseil municipal uni, pr\u00eat \u00e0 travailler avec s\u00e9rieux et enthousiasme pour notre commune. Villers-le-Sec, c\u2019est environ 520 habitants, un cadre de vie agr\u00e9able \u00e0 quelques kilom\u00e8tres de Vesoul, un patrimoine qui nous rend uniques avec la chapelle romane de Saint-Igny, class\u00e9e Monument Historique, et une voie verte qui longe notre territoire sur pr\u00e8s de 5 kilom\u00e8tres. Nous avons aussi la chance de disposer d\u2019une \u00e9cole et d\u2019un accueil p\u00e9riscolaire, un atout pr\u00e9cieux pour les familles, que nous tenons \u00e0 pr\u00e9server. Mais surtout, Villers-le-Sec c\u2019est une communaut\u00e9 humaine, anim\u00e9e par des associations, des entreprises, des artisans, des agriculteurs et des familles qui font vivre ce village au quotidien.<\/p>\n<p>Cette premi\u00e8re ann\u00e9e de mandat sera avant tout une ann\u00e9e d\u2019apprentissage et d\u2019\u00e9coute. Prendre la mesure des dossiers, des projets d\u00e9j\u00e0 engag\u00e9s et les mener \u00e0 bien, voil\u00e0 ce qui guidera notre action dans un premier temps. Avant de se lancer dans de nouvelles initiatives, il me semble essentiel de bien faire ce qui est fondamental, entretenir notre village, maintenir nos infrastructures et veiller \u00e0 ce que le cadre de vie quotidien des Villersois soit soign\u00e9 et agr\u00e9able. Cette action, nous la conduirons collectivement. Je crois profond\u00e9ment au travail d\u2019\u00e9quipe, et c\u2019est avec l\u2019ensemble du conseil municipal, dans un esprit de dialogue et de confiance mutuelle, que nous prendrons les d\u00e9cisions qui concernent notre commune. Chaque \u00e9lu apporte sa vision, son exp\u00e9rience, son engagement, c\u2019est cette richesse collective qui fera la force de notre mandat.<\/p>\n<p>Je veux aussi rendre hommage aux agents communaux, qui travaillent chaque jour \u00e0 votre service, pour que notre village fonctionne bien et reste agr\u00e9able \u00e0 vivre. Qu\u2019il s\u2019agisse de l\u2019entretien des rues et des espaces verts, des b\u00e2timents communaux, de l\u2019accueil en mairie et du fonctionnement de notre m\u00e9diath\u00e8que, leur engagement m\u00e9rite d\u2019\u00eatre salu\u00e9 et reconnu.<\/p>\n<p>Enfin, un village qui vit, c\u2019est aussi un village qui se retrouve et qui partage. Nos associations jouent un r\u00f4le indispensable dans ce lien social qui nous unit tous. Qu\u2019elles organisent des manifestations sportives, culturelles ou festives, elles contribuent chaque jour \u00e0 faire de Villers-le-Sec un endroit o\u00f9 il fait bon vivre. La municipalit\u00e9 sera \u00e0 leurs c\u00f4t\u00e9s, \u00e0 leur \u00e9coute, pour les accompagner et les soutenir du mieux possible dans leurs projets.<\/p>\n<p>Notre r\u00f4le est simple&nbsp;: \u00eatre \u00e0 votre service. Du concret, de la transparence, et du travail en commun. Ce site est aussi le v\u00f4tre&nbsp;: vous y trouverez toutes les informations utiles sur la vie de la commune. Et si vous avez une question ou une suggestion, la mairie vous est ouverte.<\/p>\n<p><br><\/p>\n<p>\u00c0 bient\u00f4t,<\/p>\n<p><br><\/p>\n<p>Catherine<\/p>\t\t\t\t\t\t\t\t<\/div>\n\t\t\t\t<\/div>\n\t\t\t\t<\/div>\n\t\t\t\t\t<\/div>\n\t\t\t\t<\/div>\n\t\t<div class=\"elementor-element elementor-element-17fe49f e-con-full e-flex e-con e-parent\" data-id=\"17fe49f\" data-element_type=\"container\" data-e-type=\"container\">\n\t\t<div class=\"elementor-element elementor-element-3b00d02 e-con-full e-flex e-con e-child\" data-id=\"3b00d02\" data-element_type=\"container\" data-e-type=\"container\">\n\t\t\t\t<div class=\"elementor-element elementor-element-d79ced4 elementor-widget__width-initial elementor-widget elementor-widget-heading\" data-id=\"d79ced4\" data-element_type=\"widget\" data-e-type=\"widget\" data-widget_type=\"heading.default\">\n\t\t\t\t<div class=\"elementor-widget-container\">\n\t\t\t\t\t<h2 class=\"elementor-heading-title elementor-size-default\"><b>L'\u00e9quipe municipale<\/b> <\/h2>\t\t\t\t<\/div>\n\t\t\t\t<\/div>\n\t\t\t\t<div class=\"elementor-element elementor-element-8694b30 elementor-widget__width-initial elementor-widget-tablet__width-initial elementor-widget-mobile__width-initial elementor-widget elementor-widget-image\" data-id=\"8694b30\" data-element_type=\"widget\" data-e-type=\"widget\" data-widget_type=\"image.default\">\n\t\t\t\t<div class=\"elementor-widget-container\">\n\t\t\t\t\t\t\t\t\t\t\t\t\t\t\t<img decoding=\"async\" width=\"976\" height=\"556\" src=\"https:\/\/villerslesec70.fr\/wp-content\/uploads\/2026\/04\/Capture-decran-2026-04-09-154232.png\" class=\"attachment-large size-large wp-image-5009\" alt=\"\" srcset=\"https:\/\/villerslesec70.fr\/wp-content\/uploads\/2026\/04\/Capture-decran-2026-04-09-154232.png 976w, https:\/\/villerslesec70.fr\/wp-content\/uploads\/2026\/04\/Capture-decran-2026-04-09-154232-300x171.png 300w, https:\/\/villerslesec70.fr\/wp-content\/uploads\/2026\/04\/Capture-decran-2026-04-09-154232-768x438.png 768w\" sizes=\"(max-width: 976px) 100vw, 976px\" \/>\t\t\t\t\t\t\t\t\t\t\t\t\t\t\t<\/div>\n\t\t\t\t<\/div>\n\t\t\t\t<div class=\"elementor-element elementor-element-e9a942b elementor-widget__width-initial elementor-widget-tablet__width-initial elementor-widget-mobile__width-inherit elementor-widget elementor-widget-text-editor\" data-id=\"e9a942b\" data-element_type=\"widget\" data-e-type=\"widget\" data-widget_type=\"text-editor.default\">\n\t\t\t\t<div class=\"elementor-widget-container\">\n\t\t\t\t\t\t\t\t\t<p><\/p>\n<p><br><\/p>\n<p>Au 9\/04\/26, l&rsquo;\u00e9quipe municipale se compose ainsi :&nbsp;<\/p>\n<p><strong>Catherine BOURDIN, Maire<\/strong><\/p>\n<p><strong>R\u00e9gis BOILLOT, 1er adjoint<\/strong><\/p>\n<p><strong>Justine GRANGEOT, 2\u00e8me adjointe<\/strong><\/p>\n<p><strong>Gilles DELCEY, 3\u00e8me adjoint<\/strong><\/p>\n<p><strong>Lucie CUDREY, Jean-Claude JACQUOT, Francine DUCHET, <\/strong><strong>Bastien VEJUX,&nbsp;<\/strong><strong>Pauline NONNOTTE, Fr\u00e9d\u00e9ric JEANDEY, Perrine PETTE, Yoann MOURLOT, Conseillers<\/strong><\/p>\n<p><strong>&nbsp;<\/strong><\/p>\t\t\t\t\t\t\t\t<\/div>\n\t\t\t\t<\/div>\n\t\t\t\t<div class=\"elementor-element elementor-element-db56c29 elementor-widget elementor-widget-text-editor\" data-id=\"db56c29\" data-element_type=\"widget\" data-e-type=\"widget\" data-widget_type=\"text-editor.default\">\n\t\t\t\t<div class=\"elementor-widget-container\">\n\t\t\t\t\t\t\t\t\t<p>\u00a0<\/p><p>4 commissions internes au fonctionnement de la commune ont \u00e9t\u00e9 mises en place :<\/p>\t\t\t\t\t\t\t\t<\/div>\n\t\t\t\t<\/div>\n\t\t\t\t<\/div>\n\t\t<div class=\"elementor-element elementor-element-2979f34 e-con-full e-flex e-con e-child\" data-id=\"2979f34\" data-element_type=\"container\" data-e-type=\"container\">\n\t\t\t\t<div class=\"elementor-element elementor-element-4aa25df elementor-widget elementor-widget-text-editor\" data-id=\"4aa25df\" data-element_type=\"widget\" data-e-type=\"widget\" data-widget_type=\"text-editor.default\">\n\t\t\t\t<div class=\"elementor-widget-container\">\n\t\t\t\t\t\t\t\t\t<p>Tous droits r\u00e9serv\u00e9s &#8211; Robin Laromanie 2026 &#8211; <a href=\"https:\/\/villerslesec70.fr\/index.php\/mentions-legales\/\">Mentions l\u00e9gales<\/a> &#8211; <a href=\"https:\/\/villerslesec70.fr\/index.php\/politique-de-confidentialite-2\/\">Politique de confidentialit\u00e9<\/a><\/p>\t\t\t\t\t\t\t\t<\/div>\n\t\t\t\t<\/div>\n\t\t\t\t<\/div>\n\t\t\t\t<\/div>\n\t\t\t\t<\/div>\n\t\t","protected":false},"excerpt":{"rendered":"<p>La maire et l&rsquo;\u00e9quipe municipale Le mot de la Maire Ch\u00e8res Villersoises, chers Villersois, Vous nous avez fait confiance, et nous vous en remercions sinc\u00e8rement. C\u2019est toute une \u00e9quipe municipale qui s\u2019engage \u00e0 vos c\u00f4t\u00e9s&nbsp;: des femmes et des hommes d\u00e9termin\u00e9s, compl\u00e9mentaires, anim\u00e9s par le m\u00eame souci du bien commun et l\u2019envie de faire de&#8230;<\/p>\n","protected":false},"author":1,"featured_media":0,"parent":0,"menu_order":0,"comment_status":"closed","ping_status":"closed","template":"","meta":{"_kadence_starter_templates_imported_post":false,"_kad_post_transparent":"","_kad_post_title":"hide","_kad_post_layout":"fullwidth","_kad_post_sidebar_id":"","_kad_post_content_style":"unboxed","_kad_post_vertical_padding":"hide","_kad_post_feature":"hide","_kad_post_feature_position":"","_kad_post_header":false,"_kad_post_footer":false,"_kad_post_classname":"","footnotes":""},"class_list":["post-835","page","type-page","status-publish","hentry"],"yoast_head":"<!-- This site is optimized with the Yoast SEO plugin v27.4 - https:\/\/yoast.com\/product\/yoast-seo-wordpress\/ -->\n<title>Le maire et le conseil municipal - Villers Le Sec<\/title>\n<meta name=\"description\" content=\"La ville de Villers le Sec est une commune fran\u00e7aise situ\u00e9e en Bourgogne dans le d\u00e9partement de la Haute-Sa\u00f4ne.\" \/>\n<meta name=\"robots\" content=\"index, follow, max-snippet:-1, max-image-preview:large, max-video-preview:-1\" \/>\n<link rel=\"canonical\" href=\"https:\/\/villerslesec70.fr\/index.php\/le-maire\/\" \/>\n<meta property=\"og:locale\" content=\"fr_FR\" \/>\n<meta property=\"og:type\" content=\"article\" \/>\n<meta property=\"og:title\" content=\"Le maire et le conseil municipal - Villers Le Sec\" \/>\n<meta property=\"og:description\" content=\"La ville de Villers le Sec est une commune fran\u00e7aise situ\u00e9e en Bourgogne dans le d\u00e9partement de la Haute-Sa\u00f4ne.\" \/>\n<meta property=\"og:url\" content=\"https:\/\/villerslesec70.fr\/index.php\/le-maire\/\" \/>\n<meta property=\"og:site_name\" content=\"Villers Le Sec\" \/>\n<meta property=\"article:modified_time\" content=\"2026-04-10T13:25:54+00:00\" \/>\n<meta property=\"og:image\" content=\"http:\/\/villerslesec70.fr\/wp-content\/uploads\/2026\/04\/catherine-bourdin-entend-concilier-engagement-municipal-carriere-universitaire-et-vie-familiale-1774866371-1024x1001.jpg\" \/>\n<meta name=\"twitter:card\" content=\"summary_large_image\" \/>\n<meta name=\"twitter:label1\" content=\"Dur\u00e9e de lecture estim\u00e9e\" \/>\n\t<meta name=\"twitter:data1\" content=\"4 minutes\" \/>\n<script type=\"application\/ld+json\" class=\"yoast-schema-graph\">{\"@context\":\"https:\\\/\\\/schema.org\",\"@graph\":[{\"@type\":\"WebPage\",\"@id\":\"https:\\\/\\\/villerslesec70.fr\\\/index.php\\\/le-maire\\\/\",\"url\":\"https:\\\/\\\/villerslesec70.fr\\\/index.php\\\/le-maire\\\/\",\"name\":\"Le maire et le conseil municipal - Villers Le Sec\",\"isPartOf\":{\"@id\":\"https:\\\/\\\/villerslesec70.fr\\\/#website\"},\"primaryImageOfPage\":{\"@id\":\"https:\\\/\\\/villerslesec70.fr\\\/index.php\\\/le-maire\\\/#primaryimage\"},\"image\":{\"@id\":\"https:\\\/\\\/villerslesec70.fr\\\/index.php\\\/le-maire\\\/#primaryimage\"},\"thumbnailUrl\":\"http:\\\/\\\/villerslesec70.fr\\\/wp-content\\\/uploads\\\/2026\\\/04\\\/catherine-bourdin-entend-concilier-engagement-municipal-carriere-universitaire-et-vie-familiale-1774866371-1024x1001.jpg\",\"datePublished\":\"2024-01-02T16:03:36+00:00\",\"dateModified\":\"2026-04-10T13:25:54+00:00\",\"description\":\"La ville de Villers le Sec est une commune fran\u00e7aise situ\u00e9e en Bourgogne dans le d\u00e9partement de la Haute-Sa\u00f4ne.\",\"breadcrumb\":{\"@id\":\"https:\\\/\\\/villerslesec70.fr\\\/index.php\\\/le-maire\\\/#breadcrumb\"},\"inLanguage\":\"fr-FR\",\"potentialAction\":[{\"@type\":\"ReadAction\",\"target\":[\"https:\\\/\\\/villerslesec70.fr\\\/index.php\\\/le-maire\\\/\"]}]},{\"@type\":\"ImageObject\",\"inLanguage\":\"fr-FR\",\"@id\":\"https:\\\/\\\/villerslesec70.fr\\\/index.php\\\/le-maire\\\/#primaryimage\",\"url\":\"https:\\\/\\\/villerslesec70.fr\\\/wp-content\\\/uploads\\\/2026\\\/04\\\/catherine-bourdin-entend-concilier-engagement-municipal-carriere-universitaire-et-vie-familiale-1774866371.jpg\",\"contentUrl\":\"https:\\\/\\\/villerslesec70.fr\\\/wp-content\\\/uploads\\\/2026\\\/04\\\/catherine-bourdin-entend-concilier-engagement-municipal-carriere-universitaire-et-vie-familiale-1774866371.jpg\",\"width\":1421,\"height\":1389},{\"@type\":\"BreadcrumbList\",\"@id\":\"https:\\\/\\\/villerslesec70.fr\\\/index.php\\\/le-maire\\\/#breadcrumb\",\"itemListElement\":[{\"@type\":\"ListItem\",\"position\":1,\"name\":\"Accueil\",\"item\":\"https:\\\/\\\/villerslesec70.fr\\\/\"},{\"@type\":\"ListItem\",\"position\":2,\"name\":\"Le maire et le conseil municipal\"}]},{\"@type\":\"WebSite\",\"@id\":\"https:\\\/\\\/villerslesec70.fr\\\/#website\",\"url\":\"https:\\\/\\\/villerslesec70.fr\\\/\",\"name\":\"Villers Le Sec\",\"description\":\"Villers Le Sec\",\"publisher\":{\"@id\":\"https:\\\/\\\/villerslesec70.fr\\\/#organization\"},\"potentialAction\":[{\"@type\":\"SearchAction\",\"target\":{\"@type\":\"EntryPoint\",\"urlTemplate\":\"https:\\\/\\\/villerslesec70.fr\\\/?s={search_term_string}\"},\"query-input\":{\"@type\":\"PropertyValueSpecification\",\"valueRequired\":true,\"valueName\":\"search_term_string\"}}],\"inLanguage\":\"fr-FR\"},{\"@type\":\"Organization\",\"@id\":\"https:\\\/\\\/villerslesec70.fr\\\/#organization\",\"name\":\"Villers Le Sec\",\"url\":\"https:\\\/\\\/villerslesec70.fr\\\/\",\"logo\":{\"@type\":\"ImageObject\",\"inLanguage\":\"fr-FR\",\"@id\":\"https:\\\/\\\/villerslesec70.fr\\\/#\\\/schema\\\/logo\\\/image\\\/\",\"url\":\"https:\\\/\\\/villerslesec70.fr\\\/wp-content\\\/uploads\\\/2026\\\/04\\\/cropped-Blason_ville_fr_villers-le-sec_70.svg_.png\",\"contentUrl\":\"https:\\\/\\\/villerslesec70.fr\\\/wp-content\\\/uploads\\\/2026\\\/04\\\/cropped-Blason_ville_fr_villers-le-sec_70.svg_.png\",\"width\":1279,\"height\":1408,\"caption\":\"Villers Le Sec\"},\"image\":{\"@id\":\"https:\\\/\\\/villerslesec70.fr\\\/#\\\/schema\\\/logo\\\/image\\\/\"}}]}<\/script>\n<!-- \/ Yoast SEO plugin. -->","yoast_head_json":{"title":"Le maire et le conseil municipal - Villers Le Sec","description":"La ville de Villers le Sec est une commune fran\u00e7aise situ\u00e9e en Bourgogne dans le d\u00e9partement de la Haute-Sa\u00f4ne.","robots":{"index":"index","follow":"follow","max-snippet":"max-snippet:-1","max-image-preview":"max-image-preview:large","max-video-preview":"max-video-preview:-1"},"canonical":"https:\/\/villerslesec70.fr\/index.php\/le-maire\/","og_locale":"fr_FR","og_type":"article","og_title":"Le maire et le conseil municipal - Villers Le Sec","og_description":"La ville de Villers le Sec est une commune fran\u00e7aise situ\u00e9e en Bourgogne dans le d\u00e9partement de la Haute-Sa\u00f4ne.","og_url":"https:\/\/villerslesec70.fr\/index.php\/le-maire\/","og_site_name":"Villers Le Sec","article_modified_time":"2026-04-10T13:25:54+00:00","og_image":[{"url":"http:\/\/villerslesec70.fr\/wp-content\/uploads\/2026\/04\/catherine-bourdin-entend-concilier-engagement-municipal-carriere-universitaire-et-vie-familiale-1774866371-1024x1001.jpg","type":"","width":"","height":""}],"twitter_card":"summary_large_image","twitter_misc":{"Dur\u00e9e de lecture estim\u00e9e":"4 minutes"},"schema":{"@context":"https:\/\/schema.org","@graph":[{"@type":"WebPage","@id":"https:\/\/villerslesec70.fr\/index.php\/le-maire\/","url":"https:\/\/villerslesec70.fr\/index.php\/le-maire\/","name":"Le maire et le conseil municipal - Villers Le Sec","isPartOf":{"@id":"https:\/\/villerslesec70.fr\/#website"},"primaryImageOfPage":{"@id":"https:\/\/villerslesec70.fr\/index.php\/le-maire\/#primaryimage"},"image":{"@id":"https:\/\/villerslesec70.fr\/index.php\/le-maire\/#primaryimage"},"thumbnailUrl":"http:\/\/villerslesec70.fr\/wp-content\/uploads\/2026\/04\/catherine-bourdin-entend-concilier-engagement-municipal-carriere-universitaire-et-vie-familiale-1774866371-1024x1001.jpg","datePublished":"2024-01-02T16:03:36+00:00","dateModified":"2026-04-10T13:25:54+00:00","description":"La ville de Villers le Sec est une commune fran\u00e7aise situ\u00e9e en Bourgogne dans le d\u00e9partement de la Haute-Sa\u00f4ne.","breadcrumb":{"@id":"https:\/\/villerslesec70.fr\/index.php\/le-maire\/#breadcrumb"},"inLanguage":"fr-FR","potentialAction":[{"@type":"ReadAction","target":["https:\/\/villerslesec70.fr\/index.php\/le-maire\/"]}]},{"@type":"ImageObject","inLanguage":"fr-FR","@id":"https:\/\/villerslesec70.fr\/index.php\/le-maire\/#primaryimage","url":"https:\/\/villerslesec70.fr\/wp-content\/uploads\/2026\/04\/catherine-bourdin-entend-concilier-engagement-municipal-carriere-universitaire-et-vie-familiale-1774866371.jpg","contentUrl":"https:\/\/villerslesec70.fr\/wp-content\/uploads\/2026\/04\/catherine-bourdin-entend-concilier-engagement-municipal-carriere-universitaire-et-vie-familiale-1774866371.jpg","width":1421,"height":1389},{"@type":"BreadcrumbList","@id":"https:\/\/villerslesec70.fr\/index.php\/le-maire\/#breadcrumb","itemListElement":[{"@type":"ListItem","position":1,"name":"Accueil","item":"https:\/\/villerslesec70.fr\/"},{"@type":"ListItem","position":2,"name":"Le maire et le conseil municipal"}]},{"@type":"WebSite","@id":"https:\/\/villerslesec70.fr\/#website","url":"https:\/\/villerslesec70.fr\/","name":"Villers Le Sec","description":"Villers Le Sec","publisher":{"@id":"https:\/\/villerslesec70.fr\/#organization"},"potentialAction":[{"@type":"SearchAction","target":{"@type":"EntryPoint","urlTemplate":"https:\/\/villerslesec70.fr\/?s={search_term_string}"},"query-input":{"@type":"PropertyValueSpecification","valueRequired":true,"valueName":"search_term_string"}}],"inLanguage":"fr-FR"},{"@type":"Organization","@id":"https:\/\/villerslesec70.fr\/#organization","name":"Villers Le Sec","url":"https:\/\/villerslesec70.fr\/","logo":{"@type":"ImageObject","inLanguage":"fr-FR","@id":"https:\/\/villerslesec70.fr\/#\/schema\/logo\/image\/","url":"https:\/\/villerslesec70.fr\/wp-content\/uploads\/2026\/04\/cropped-Blason_ville_fr_villers-le-sec_70.svg_.png","contentUrl":"https:\/\/villerslesec70.fr\/wp-content\/uploads\/2026\/04\/cropped-Blason_ville_fr_villers-le-sec_70.svg_.png","width":1279,"height":1408,"caption":"Villers Le Sec"},"image":{"@id":"https:\/\/villerslesec70.fr\/#\/schema\/logo\/image\/"}}]}},"jetpack_sharing_enabled":true,"_links":{"self":[{"href":"https:\/\/villerslesec70.fr\/index.php\/wp-json\/wp\/v2\/pages\/835","targetHints":{"allow":["GET"]}}],"collection":[{"href":"https:\/\/villerslesec70.fr\/index.php\/wp-json\/wp\/v2\/pages"}],"about":[{"href":"https:\/\/villerslesec70.fr\/index.php\/wp-json\/wp\/v2\/types\/page"}],"author":[{"embeddable":true,"href":"https:\/\/villerslesec70.fr\/index.php\/wp-json\/wp\/v2\/users\/1"}],"replies":[{"embeddable":true,"href":"https:\/\/villerslesec70.fr\/index.php\/wp-json\/wp\/v2\/comments?post=835"}],"version-history":[{"count":25,"href":"https:\/\/villerslesec70.fr\/index.php\/wp-json\/wp\/v2\/pages\/835\/revisions"}],"predecessor-version":[{"id":5053,"href":"https:\/\/villerslesec70.fr\/index.php\/wp-json\/wp\/v2\/pages\/835\/revisions\/5053"}],"wp:attachment":[{"href":"https:\/\/villerslesec70.fr\/index.php\/wp-json\/wp\/v2\/media?parent=835"}],"curies":[{"name":"wp","href":"https:\/\/api.w.org\/{rel}","templated":true}]}}