{"id":920,"date":"2024-01-05T14:35:32","date_gmt":"2024-01-05T13:35:32","guid":{"rendered":"https:\/\/villerslesec70.fr\/?page_id=920"},"modified":"2025-02-19T10:48:02","modified_gmt":"2025-02-19T09:48:02","slug":"mariages","status":"publish","type":"page","link":"https:\/\/villerslesec70.fr\/index.php\/mariages\/","title":{"rendered":"Famille"},"content":{"rendered":"\t\t<div data-elementor-type=\"wp-page\" data-elementor-id=\"920\" class=\"elementor elementor-920\">\n\t\t\t\t<div class=\"elementor-element elementor-element-462cb483 e-con-full e-flex e-con e-parent\" data-id=\"462cb483\" data-element_type=\"container\" data-e-type=\"container\" data-settings=\"{&quot;background_background&quot;:&quot;classic&quot;}\">\n\t\t\t\t<div class=\"elementor-element elementor-element-15c8ec00 elementor-widget__width-initial elementor-widget elementor-widget-heading\" data-id=\"15c8ec00\" data-element_type=\"widget\" data-e-type=\"widget\" data-widget_type=\"heading.default\">\n\t\t\t\t<div class=\"elementor-widget-container\">\n\t\t\t\t\t<h1 class=\"elementor-heading-title elementor-size-default\">Famille<\/h1>\t\t\t\t<\/div>\n\t\t\t\t<\/div>\n\t\t\t\t<\/div>\n\t\t<div class=\"elementor-element elementor-element-6cc86b46 e-flex e-con-boxed e-con e-parent\" data-id=\"6cc86b46\" data-element_type=\"container\" data-e-type=\"container\">\n\t\t\t\t\t<div class=\"e-con-inner\">\n\t\t\t\t<div class=\"elementor-element elementor-element-52aa2334 elementor-widget elementor-widget-heading\" data-id=\"52aa2334\" data-element_type=\"widget\" data-e-type=\"widget\" data-widget_type=\"heading.default\">\n\t\t\t\t<div class=\"elementor-widget-container\">\n\t\t\t\t\t<h2 class=\"elementor-heading-title elementor-size-default\">Vous trouverez ci-dessous les liens officiels concernant les documents pour la famille<\/h2>\t\t\t\t<\/div>\n\t\t\t\t<\/div>\n\t\t\t\t\t<\/div>\n\t\t\t\t<\/div>\n\t\t<div class=\"elementor-element elementor-element-71c97b36 e-flex e-con-boxed e-con e-parent\" data-id=\"71c97b36\" data-element_type=\"container\" data-e-type=\"container\">\n\t\t\t\t\t<div class=\"e-con-inner\">\n\t\t<div class=\"elementor-element elementor-element-6d8c19dc e-con-full e-flex e-con e-child\" data-id=\"6d8c19dc\" data-element_type=\"container\" data-e-type=\"container\">\n\t\t\t\t<div class=\"elementor-element elementor-element-2b1bad90 elementor-widget elementor-widget-text-editor\" data-id=\"2b1bad90\" data-element_type=\"widget\" data-e-type=\"widget\" data-widget_type=\"text-editor.default\">\n\t\t\t\t<div class=\"elementor-widget-container\">\n\t\t\t\t\t\t\t\t\t<p>L&rsquo;acte de naissance<\/p>\t\t\t\t\t\t\t\t<\/div>\n\t\t\t\t<\/div>\n\t\t\t\t<div class=\"elementor-element elementor-element-5f1328e6 elementor-widget elementor-widget-image\" data-id=\"5f1328e6\" data-element_type=\"widget\" data-e-type=\"widget\" data-widget_type=\"image.default\">\n\t\t\t\t<div class=\"elementor-widget-container\">\n\t\t\t\t\t\t\t\t\t\t\t\t\t\t\t\t<a href=\"https:\/\/www.service-public.fr\/particuliers\/vosdroits\/F1427\" target=\"_blank\">\n\t\t\t\t\t\t\t<img fetchpriority=\"high\" decoding=\"async\" width=\"500\" height=\"333\" src=\"https:\/\/villerslesec70.fr\/wp-content\/uploads\/2024\/04\/bebe.jpeg\" class=\"attachment-large size-large wp-image-2561\" alt=\"villers le sec, 70, site internet\" srcset=\"https:\/\/villerslesec70.fr\/wp-content\/uploads\/2024\/04\/bebe.jpeg 500w, https:\/\/villerslesec70.fr\/wp-content\/uploads\/2024\/04\/bebe-300x200.jpeg 300w\" sizes=\"(max-width: 500px) 100vw, 500px\" \/>\t\t\t\t\t\t\t\t<\/a>\n\t\t\t\t\t\t\t\t\t\t\t\t\t\t\t<\/div>\n\t\t\t\t<\/div>\n\t\t\t\t<\/div>\n\t\t<div class=\"elementor-element elementor-element-3536f303 e-con-full e-flex e-con e-child\" data-id=\"3536f303\" data-element_type=\"container\" data-e-type=\"container\">\n\t\t\t\t<div class=\"elementor-element elementor-element-5f68a802 elementor-widget elementor-widget-text-editor\" data-id=\"5f68a802\" data-element_type=\"widget\" data-e-type=\"widget\" data-widget_type=\"text-editor.default\">\n\t\t\t\t<div class=\"elementor-widget-container\">\n\t\t\t\t\t\t\t\t\t<p>Le livret de famille<\/p>\t\t\t\t\t\t\t\t<\/div>\n\t\t\t\t<\/div>\n\t\t\t\t<div class=\"elementor-element elementor-element-7b09d428 elementor-widget elementor-widget-image\" data-id=\"7b09d428\" data-element_type=\"widget\" data-e-type=\"widget\" data-widget_type=\"image.default\">\n\t\t\t\t<div class=\"elementor-widget-container\">\n\t\t\t\t\t\t\t\t\t\t\t\t\t\t\t\t<a href=\"https:\/\/www.service-public.fr\/particuliers\/vosdroits\/N31784\" target=\"_blank\">\n\t\t\t\t\t\t\t<img decoding=\"async\" width=\"1024\" height=\"640\" src=\"https:\/\/villerslesec70.fr\/wp-content\/uploads\/2024\/04\/livret-de-famille-1024x640.jpg\" class=\"attachment-large size-large wp-image-2562\" alt=\"villers le sec, 70, site internet\" srcset=\"https:\/\/villerslesec70.fr\/wp-content\/uploads\/2024\/04\/livret-de-famille-1024x640.jpg 1024w, https:\/\/villerslesec70.fr\/wp-content\/uploads\/2024\/04\/livret-de-famille-300x188.jpg 300w, https:\/\/villerslesec70.fr\/wp-content\/uploads\/2024\/04\/livret-de-famille-768x480.jpg 768w, https:\/\/villerslesec70.fr\/wp-content\/uploads\/2024\/04\/livret-de-famille.jpg 1200w\" sizes=\"(max-width: 1024px) 100vw, 1024px\" \/>\t\t\t\t\t\t\t\t<\/a>\n\t\t\t\t\t\t\t\t\t\t\t\t\t\t\t<\/div>\n\t\t\t\t<\/div>\n\t\t\t\t<\/div>\n\t\t<div class=\"elementor-element elementor-element-2e2536e4 e-con-full e-flex e-con e-child\" data-id=\"2e2536e4\" data-element_type=\"container\" data-e-type=\"container\">\n\t\t\t\t<div class=\"elementor-element elementor-element-543a969 elementor-widget elementor-widget-text-editor\" data-id=\"543a969\" data-element_type=\"widget\" data-e-type=\"widget\" data-widget_type=\"text-editor.default\">\n\t\t\t\t<div class=\"elementor-widget-container\">\n\t\t\t\t\t\t\t\t\t<p>Le mariage<\/p>\t\t\t\t\t\t\t\t<\/div>\n\t\t\t\t<\/div>\n\t\t\t\t<div class=\"elementor-element elementor-element-6e109885 elementor-widget elementor-widget-image\" data-id=\"6e109885\" data-element_type=\"widget\" data-e-type=\"widget\" data-widget_type=\"image.default\">\n\t\t\t\t<div class=\"elementor-widget-container\">\n\t\t\t\t\t\t\t\t\t\t\t\t\t\t\t\t<a href=\"https:\/\/www.service-public.fr\/particuliers\/vosdroits\/N142\" target=\"_blank\">\n\t\t\t\t\t\t\t<img decoding=\"async\" width=\"1024\" height=\"577\" src=\"https:\/\/villerslesec70.fr\/wp-content\/uploads\/2024\/04\/mariages-1024x577.jpg\" class=\"attachment-large size-large wp-image-2563\" alt=\"villers le sec, 70, site internet\" srcset=\"https:\/\/villerslesec70.fr\/wp-content\/uploads\/2024\/04\/mariages-1024x577.jpg 1024w, https:\/\/villerslesec70.fr\/wp-content\/uploads\/2024\/04\/mariages-300x169.jpg 300w, https:\/\/villerslesec70.fr\/wp-content\/uploads\/2024\/04\/mariages-768x432.jpg 768w, https:\/\/villerslesec70.fr\/wp-content\/uploads\/2024\/04\/mariages.jpg 1181w\" sizes=\"(max-width: 1024px) 100vw, 1024px\" \/>\t\t\t\t\t\t\t\t<\/a>\n\t\t\t\t\t\t\t\t\t\t\t\t\t\t\t<\/div>\n\t\t\t\t<\/div>\n\t\t\t\t<\/div>\n\t\t<div class=\"elementor-element elementor-element-5c0f5297 e-con-full e-flex e-con e-child\" data-id=\"5c0f5297\" data-element_type=\"container\" data-e-type=\"container\">\n\t\t\t\t<div class=\"elementor-element elementor-element-498558f elementor-widget elementor-widget-text-editor\" data-id=\"498558f\" data-element_type=\"widget\" data-e-type=\"widget\" data-widget_type=\"text-editor.default\">\n\t\t\t\t<div class=\"elementor-widget-container\">\n\t\t\t\t\t\t\t\t\t<p>L&rsquo;acte de d\u00e9c\u00e8s<\/p>\t\t\t\t\t\t\t\t<\/div>\n\t\t\t\t<\/div>\n\t\t\t\t<div class=\"elementor-element elementor-element-5255d3f9 elementor-widget elementor-widget-image\" data-id=\"5255d3f9\" data-element_type=\"widget\" data-e-type=\"widget\" data-widget_type=\"image.default\">\n\t\t\t\t<div class=\"elementor-widget-container\">\n\t\t\t\t\t\t\t\t\t\t\t\t\t\t\t\t<a href=\"https:\/\/www.service-public.fr\/particuliers\/vosdroits\/F1444\" target=\"_blank\">\n\t\t\t\t\t\t\t<img loading=\"lazy\" decoding=\"async\" width=\"600\" height=\"413\" src=\"https:\/\/villerslesec70.fr\/wp-content\/uploads\/2024\/04\/deces.jpg\" class=\"attachment-large size-large wp-image-2564\" alt=\"villers le sec, 70, site internet\" srcset=\"https:\/\/villerslesec70.fr\/wp-content\/uploads\/2024\/04\/deces.jpg 600w, https:\/\/villerslesec70.fr\/wp-content\/uploads\/2024\/04\/deces-300x207.jpg 300w\" sizes=\"(max-width: 600px) 100vw, 600px\" \/>\t\t\t\t\t\t\t\t<\/a>\n\t\t\t\t\t\t\t\t\t\t\t\t\t\t\t<\/div>\n\t\t\t\t<\/div>\n\t\t\t\t<\/div>\n\t\t\t\t\t<\/div>\n\t\t\t\t<\/div>\n\t\t<div class=\"elementor-element elementor-element-1fdcfed e-con-full e-flex e-con e-parent\" data-id=\"1fdcfed\" data-element_type=\"container\" data-e-type=\"container\">\n\t\t<div class=\"elementor-element elementor-element-ce8d9b6 e-con-full e-flex e-con e-child\" data-id=\"ce8d9b6\" data-element_type=\"container\" data-e-type=\"container\">\n\t\t<div class=\"elementor-element elementor-element-3a087f2 e-con-full e-flex e-con e-child\" data-id=\"3a087f2\" data-element_type=\"container\" data-e-type=\"container\">\n\t\t\t\t<div class=\"elementor-element elementor-element-449c796 elementor-widget elementor-widget-text-editor\" data-id=\"449c796\" data-element_type=\"widget\" data-e-type=\"widget\" data-widget_type=\"text-editor.default\">\n\t\t\t\t<div class=\"elementor-widget-container\">\n\t\t\t\t\t\t\t\t\t<p>Tous droits r\u00e9serv\u00e9s &#8211; Robin Laromanie 2024 &#8211; <a href=\"https:\/\/villerslesec70.fr\/index.php\/mentions-legales\/\">Mentions l\u00e9gales<\/a> &#8211; <a href=\"https:\/\/villerslesec70.fr\/index.php\/politique-de-confidentialite-2\/\">Politique de confidentialit\u00e9<\/a>.<\/p>\t\t\t\t\t\t\t\t<\/div>\n\t\t\t\t<\/div>\n\t\t\t\t<\/div>\n\t\t\t\t<\/div>\n\t\t\t\t<\/div>\n\t\t\t\t<\/div>\n\t\t","protected":false},"excerpt":{"rendered":"<p>Famille Vous trouverez ci-dessous les liens officiels concernant les documents pour la famille L&rsquo;acte de naissance Le livret de famille Le mariage L&rsquo;acte de d\u00e9c\u00e8s Tous droits r\u00e9serv\u00e9s &#8211; Robin Laromanie 2024 &#8211; Mentions l\u00e9gales &#8211; Politique de confidentialit\u00e9.<\/p>\n","protected":false},"author":1,"featured_media":0,"parent":0,"menu_order":0,"comment_status":"closed","ping_status":"closed","template":"","meta":{"_kadence_starter_templates_imported_post":false,"_kad_post_transparent":"","_kad_post_title":"hide","_kad_post_layout":"fullwidth","_kad_post_sidebar_id":"","_kad_post_content_style":"unboxed","_kad_post_vertical_padding":"hide","_kad_post_feature":"hide","_kad_post_feature_position":"","_kad_post_header":false,"_kad_post_footer":false,"_kad_post_classname":"","footnotes":""},"class_list":["post-920","page","type-page","status-publish","hentry"],"yoast_head":"<!-- This site is optimized with the Yoast SEO plugin v27.4 - https:\/\/yoast.com\/product\/yoast-seo-wordpress\/ -->\n<title>Famille - Villers Le Sec<\/title>\n<meta name=\"description\" content=\"La ville de Villers le Sec est une commune fran\u00e7aise situ\u00e9e en Bourgogne dans le d\u00e9partement de la Haute-Sa\u00f4ne.\" \/>\n<meta name=\"robots\" content=\"index, follow, max-snippet:-1, max-image-preview:large, max-video-preview:-1\" \/>\n<link rel=\"canonical\" href=\"https:\/\/villerslesec70.fr\/index.php\/mariages\/\" \/>\n<meta property=\"og:locale\" content=\"fr_FR\" \/>\n<meta property=\"og:type\" content=\"article\" \/>\n<meta property=\"og:title\" content=\"Famille - Villers Le Sec\" \/>\n<meta property=\"og:description\" content=\"La ville de Villers le Sec est une commune fran\u00e7aise situ\u00e9e en Bourgogne dans le d\u00e9partement de la Haute-Sa\u00f4ne.\" \/>\n<meta property=\"og:url\" content=\"https:\/\/villerslesec70.fr\/index.php\/mariages\/\" \/>\n<meta property=\"og:site_name\" content=\"Villers Le Sec\" \/>\n<meta property=\"article:modified_time\" content=\"2025-02-19T09:48:02+00:00\" \/>\n<meta property=\"og:image\" content=\"https:\/\/villerslesec70.fr\/wp-content\/uploads\/2024\/04\/bebe.jpeg\" \/>\n\t<meta property=\"og:image:width\" content=\"500\" \/>\n\t<meta property=\"og:image:height\" content=\"333\" \/>\n\t<meta property=\"og:image:type\" content=\"image\/jpeg\" \/>\n<meta name=\"twitter:card\" content=\"summary_large_image\" \/>\n<meta name=\"twitter:label1\" content=\"Dur\u00e9e de lecture estim\u00e9e\" \/>\n\t<meta name=\"twitter:data1\" content=\"1 minute\" \/>\n<script type=\"application\/ld+json\" class=\"yoast-schema-graph\">{\"@context\":\"https:\\\/\\\/schema.org\",\"@graph\":[{\"@type\":\"WebPage\",\"@id\":\"https:\\\/\\\/villerslesec70.fr\\\/index.php\\\/mariages\\\/\",\"url\":\"https:\\\/\\\/villerslesec70.fr\\\/index.php\\\/mariages\\\/\",\"name\":\"Famille - Villers Le Sec\",\"isPartOf\":{\"@id\":\"https:\\\/\\\/villerslesec70.fr\\\/#website\"},\"primaryImageOfPage\":{\"@id\":\"https:\\\/\\\/villerslesec70.fr\\\/index.php\\\/mariages\\\/#primaryimage\"},\"image\":{\"@id\":\"https:\\\/\\\/villerslesec70.fr\\\/index.php\\\/mariages\\\/#primaryimage\"},\"thumbnailUrl\":\"http:\\\/\\\/villerslesec70.fr\\\/wp-content\\\/uploads\\\/2024\\\/04\\\/bebe.jpeg\",\"datePublished\":\"2024-01-05T13:35:32+00:00\",\"dateModified\":\"2025-02-19T09:48:02+00:00\",\"description\":\"La ville de Villers le Sec est une commune fran\u00e7aise situ\u00e9e en Bourgogne dans le d\u00e9partement de la Haute-Sa\u00f4ne.\",\"breadcrumb\":{\"@id\":\"https:\\\/\\\/villerslesec70.fr\\\/index.php\\\/mariages\\\/#breadcrumb\"},\"inLanguage\":\"fr-FR\",\"potentialAction\":[{\"@type\":\"ReadAction\",\"target\":[\"https:\\\/\\\/villerslesec70.fr\\\/index.php\\\/mariages\\\/\"]}]},{\"@type\":\"ImageObject\",\"inLanguage\":\"fr-FR\",\"@id\":\"https:\\\/\\\/villerslesec70.fr\\\/index.php\\\/mariages\\\/#primaryimage\",\"url\":\"http:\\\/\\\/villerslesec70.fr\\\/wp-content\\\/uploads\\\/2024\\\/04\\\/bebe.jpeg\",\"contentUrl\":\"http:\\\/\\\/villerslesec70.fr\\\/wp-content\\\/uploads\\\/2024\\\/04\\\/bebe.jpeg\"},{\"@type\":\"BreadcrumbList\",\"@id\":\"https:\\\/\\\/villerslesec70.fr\\\/index.php\\\/mariages\\\/#breadcrumb\",\"itemListElement\":[{\"@type\":\"ListItem\",\"position\":1,\"name\":\"Accueil\",\"item\":\"https:\\\/\\\/villerslesec70.fr\\\/\"},{\"@type\":\"ListItem\",\"position\":2,\"name\":\"Famille\"}]},{\"@type\":\"WebSite\",\"@id\":\"https:\\\/\\\/villerslesec70.fr\\\/#website\",\"url\":\"https:\\\/\\\/villerslesec70.fr\\\/\",\"name\":\"Villers Le Sec\",\"description\":\"Villers Le Sec\",\"publisher\":{\"@id\":\"https:\\\/\\\/villerslesec70.fr\\\/#organization\"},\"potentialAction\":[{\"@type\":\"SearchAction\",\"target\":{\"@type\":\"EntryPoint\",\"urlTemplate\":\"https:\\\/\\\/villerslesec70.fr\\\/?s={search_term_string}\"},\"query-input\":{\"@type\":\"PropertyValueSpecification\",\"valueRequired\":true,\"valueName\":\"search_term_string\"}}],\"inLanguage\":\"fr-FR\"},{\"@type\":\"Organization\",\"@id\":\"https:\\\/\\\/villerslesec70.fr\\\/#organization\",\"name\":\"Villers Le Sec\",\"url\":\"https:\\\/\\\/villerslesec70.fr\\\/\",\"logo\":{\"@type\":\"ImageObject\",\"inLanguage\":\"fr-FR\",\"@id\":\"https:\\\/\\\/villerslesec70.fr\\\/#\\\/schema\\\/logo\\\/image\\\/\",\"url\":\"https:\\\/\\\/villerslesec70.fr\\\/wp-content\\\/uploads\\\/2026\\\/04\\\/cropped-Blason_ville_fr_villers-le-sec_70.svg_.png\",\"contentUrl\":\"https:\\\/\\\/villerslesec70.fr\\\/wp-content\\\/uploads\\\/2026\\\/04\\\/cropped-Blason_ville_fr_villers-le-sec_70.svg_.png\",\"width\":1279,\"height\":1408,\"caption\":\"Villers Le Sec\"},\"image\":{\"@id\":\"https:\\\/\\\/villerslesec70.fr\\\/#\\\/schema\\\/logo\\\/image\\\/\"}}]}<\/script>\n<!-- \/ Yoast SEO plugin. -->","yoast_head_json":{"title":"Famille - Villers Le Sec","description":"La ville de Villers le Sec est une commune fran\u00e7aise situ\u00e9e en Bourgogne dans le d\u00e9partement de la Haute-Sa\u00f4ne.","robots":{"index":"index","follow":"follow","max-snippet":"max-snippet:-1","max-image-preview":"max-image-preview:large","max-video-preview":"max-video-preview:-1"},"canonical":"https:\/\/villerslesec70.fr\/index.php\/mariages\/","og_locale":"fr_FR","og_type":"article","og_title":"Famille - Villers Le Sec","og_description":"La ville de Villers le Sec est une commune fran\u00e7aise situ\u00e9e en Bourgogne dans le d\u00e9partement de la Haute-Sa\u00f4ne.","og_url":"https:\/\/villerslesec70.fr\/index.php\/mariages\/","og_site_name":"Villers Le Sec","article_modified_time":"2025-02-19T09:48:02+00:00","og_image":[{"width":500,"height":333,"url":"https:\/\/villerslesec70.fr\/wp-content\/uploads\/2024\/04\/bebe.jpeg","type":"image\/jpeg"}],"twitter_card":"summary_large_image","twitter_misc":{"Dur\u00e9e de lecture estim\u00e9e":"1 minute"},"schema":{"@context":"https:\/\/schema.org","@graph":[{"@type":"WebPage","@id":"https:\/\/villerslesec70.fr\/index.php\/mariages\/","url":"https:\/\/villerslesec70.fr\/index.php\/mariages\/","name":"Famille - Villers Le Sec","isPartOf":{"@id":"https:\/\/villerslesec70.fr\/#website"},"primaryImageOfPage":{"@id":"https:\/\/villerslesec70.fr\/index.php\/mariages\/#primaryimage"},"image":{"@id":"https:\/\/villerslesec70.fr\/index.php\/mariages\/#primaryimage"},"thumbnailUrl":"http:\/\/villerslesec70.fr\/wp-content\/uploads\/2024\/04\/bebe.jpeg","datePublished":"2024-01-05T13:35:32+00:00","dateModified":"2025-02-19T09:48:02+00:00","description":"La ville de Villers le Sec est une commune fran\u00e7aise situ\u00e9e en Bourgogne dans le d\u00e9partement de la Haute-Sa\u00f4ne.","breadcrumb":{"@id":"https:\/\/villerslesec70.fr\/index.php\/mariages\/#breadcrumb"},"inLanguage":"fr-FR","potentialAction":[{"@type":"ReadAction","target":["https:\/\/villerslesec70.fr\/index.php\/mariages\/"]}]},{"@type":"ImageObject","inLanguage":"fr-FR","@id":"https:\/\/villerslesec70.fr\/index.php\/mariages\/#primaryimage","url":"http:\/\/villerslesec70.fr\/wp-content\/uploads\/2024\/04\/bebe.jpeg","contentUrl":"http:\/\/villerslesec70.fr\/wp-content\/uploads\/2024\/04\/bebe.jpeg"},{"@type":"BreadcrumbList","@id":"https:\/\/villerslesec70.fr\/index.php\/mariages\/#breadcrumb","itemListElement":[{"@type":"ListItem","position":1,"name":"Accueil","item":"https:\/\/villerslesec70.fr\/"},{"@type":"ListItem","position":2,"name":"Famille"}]},{"@type":"WebSite","@id":"https:\/\/villerslesec70.fr\/#website","url":"https:\/\/villerslesec70.fr\/","name":"Villers Le Sec","description":"Villers Le Sec","publisher":{"@id":"https:\/\/villerslesec70.fr\/#organization"},"potentialAction":[{"@type":"SearchAction","target":{"@type":"EntryPoint","urlTemplate":"https:\/\/villerslesec70.fr\/?s={search_term_string}"},"query-input":{"@type":"PropertyValueSpecification","valueRequired":true,"valueName":"search_term_string"}}],"inLanguage":"fr-FR"},{"@type":"Organization","@id":"https:\/\/villerslesec70.fr\/#organization","name":"Villers Le Sec","url":"https:\/\/villerslesec70.fr\/","logo":{"@type":"ImageObject","inLanguage":"fr-FR","@id":"https:\/\/villerslesec70.fr\/#\/schema\/logo\/image\/","url":"https:\/\/villerslesec70.fr\/wp-content\/uploads\/2026\/04\/cropped-Blason_ville_fr_villers-le-sec_70.svg_.png","contentUrl":"https:\/\/villerslesec70.fr\/wp-content\/uploads\/2026\/04\/cropped-Blason_ville_fr_villers-le-sec_70.svg_.png","width":1279,"height":1408,"caption":"Villers Le Sec"},"image":{"@id":"https:\/\/villerslesec70.fr\/#\/schema\/logo\/image\/"}}]}},"jetpack_sharing_enabled":true,"_links":{"self":[{"href":"https:\/\/villerslesec70.fr\/index.php\/wp-json\/wp\/v2\/pages\/920","targetHints":{"allow":["GET"]}}],"collection":[{"href":"https:\/\/villerslesec70.fr\/index.php\/wp-json\/wp\/v2\/pages"}],"about":[{"href":"https:\/\/villerslesec70.fr\/index.php\/wp-json\/wp\/v2\/types\/page"}],"author":[{"embeddable":true,"href":"https:\/\/villerslesec70.fr\/index.php\/wp-json\/wp\/v2\/users\/1"}],"replies":[{"embeddable":true,"href":"https:\/\/villerslesec70.fr\/index.php\/wp-json\/wp\/v2\/comments?post=920"}],"version-history":[{"count":0,"href":"https:\/\/villerslesec70.fr\/index.php\/wp-json\/wp\/v2\/pages\/920\/revisions"}],"wp:attachment":[{"href":"https:\/\/villerslesec70.fr\/index.php\/wp-json\/wp\/v2\/media?parent=920"}],"curies":[{"name":"wp","href":"https:\/\/api.w.org\/{rel}","templated":true}]}}